{"id":285,"date":"2026-02-09T19:06:00","date_gmt":"2026-02-10T00:06:00","guid":{"rendered":"https:\/\/manyoffers.shop\/?post_type=product&#038;p=285"},"modified":"2026-02-09T19:06:00","modified_gmt":"2026-02-10T00:06:00","slug":"city-tour-en-autobus","status":"publish","type":"product","link":"https:\/\/manyoffers.shop\/en\/product\/city-tour-en-autobus\/","title":{"rendered":"City Tour en Autob\u00fas"},"content":{"rendered":"<p data-path-to-node=\"3\">\u00bfQuieres conocer lo mejor de la Ciudad de Panam\u00e1 sin complicaciones? S\u00fabete a nuestro autob\u00fas de dos pisos y disfruta de la mejor vista de la capital. Con el sistema de <b data-path-to-node=\"3\" data-index-in-node=\"169\">paradas libres<\/b>, t\u00fa decides d\u00f3nde bajar para explorar y cu\u00e1ndo volver a subir para seguir la ruta. \u00a1La ciudad es tuya!<\/p>\n<p data-path-to-node=\"4\"><b data-path-to-node=\"4\" data-index-in-node=\"0\">Lo que incluye tu pase:<\/b><\/p>\n<ul data-path-to-node=\"5\">\n<li>\n<p data-path-to-node=\"5,0,0\"><b data-path-to-node=\"5,0,0\" data-index-in-node=\"0\">Libertad Total:<\/b> Sube y baja cuantas veces quieras en las paradas principales (Casco Antiguo, Causeway, Canal de Panam\u00e1 y m\u00e1s).<\/p>\n<\/li>\n<li>\n<p data-path-to-node=\"5,1,0\"><b data-path-to-node=\"5,1,0\" data-index-in-node=\"0\">Audio-Gu\u00eda Multi-idioma:<\/b> Conoce la historia y curiosidades de cada punto en tiempo real.<\/p>\n<\/li>\n<li>\n<p data-path-to-node=\"5,2,0\"><b data-path-to-node=\"5,2,0\" data-index-in-node=\"0\">Vista 360\u00b0:<\/b> El piso superior abierto es perfecto para las mejores fotos de los rascacielos y la costa.<\/p>\n<\/li>\n<\/ul>\n<blockquote data-path-to-node=\"6\">\n<p data-path-to-node=\"6,0\"><b data-path-to-node=\"6,0\" data-index-in-node=\"0\">\u00a1El plan perfecto!<\/b> Evita el tr\u00e1fico y el estr\u00e9s. Con este cup\u00f3n, obtienes el <b data-path-to-node=\"6,0\" data-index-in-node=\"77\">mejor precio por 24 o 48 horas<\/b> de turismo ilimitado.<\/p>\n<\/blockquote>","protected":false},"excerpt":{"rendered":"<p>\ud83d\ude8c \u00a1Panam\u00e1 a tu propio ritmo! City Tour en Autob\u00fas Panor\u00e1mico<\/p>","protected":false},"featured_media":288,"comment_status":"open","ping_status":"closed","template":"","meta":{"_kad_post_transparent":"default","_kad_post_title":"","_kad_post_layout":"default","_kad_post_sidebar_id":"","_kad_post_content_style":"default","_kad_post_vertical_padding":"default","_kad_post_feature":"","_kad_post_feature_position":"","_kad_post_header":false,"_kad_post_footer":false,"_kad_post_classname":""},"product_brand":[],"product_cat":[92],"product_tag":[45,93,101],"class_list":{"0":"post-285","1":"product","2":"type-product","3":"status-publish","4":"has-post-thumbnail","6":"product_cat-actividades","7":"product_tag-familia","8":"product_tag-paseo","9":"product_tag-tour","11":"first","12":"instock","13":"sale","14":"shipping-taxable","15":"purchasable","16":"product-type-simple","17":"entry","18":"content-bg","19":"loop-entry"},"aioseo_notices":[],"_links":{"self":[{"href":"https:\/\/manyoffers.shop\/en\/wp-json\/wp\/v2\/product\/285","targetHints":{"allow":["GET"]}}],"collection":[{"href":"https:\/\/manyoffers.shop\/en\/wp-json\/wp\/v2\/product"}],"about":[{"href":"https:\/\/manyoffers.shop\/en\/wp-json\/wp\/v2\/types\/product"}],"replies":[{"embeddable":true,"href":"https:\/\/manyoffers.shop\/en\/wp-json\/wp\/v2\/comments?post=285"}],"wp:featuredmedia":[{"embeddable":true,"href":"https:\/\/manyoffers.shop\/en\/wp-json\/wp\/v2\/media\/288"}],"wp:attachment":[{"href":"https:\/\/manyoffers.shop\/en\/wp-json\/wp\/v2\/media?parent=285"}],"wp:term":[{"taxonomy":"product_brand","embeddable":true,"href":"https:\/\/manyoffers.shop\/en\/wp-json\/wp\/v2\/product_brand?post=285"},{"taxonomy":"product_cat","embeddable":true,"href":"https:\/\/manyoffers.shop\/en\/wp-json\/wp\/v2\/product_cat?post=285"},{"taxonomy":"product_tag","embeddable":true,"href":"https:\/\/manyoffers.shop\/en\/wp-json\/wp\/v2\/product_tag?post=285"}],"curies":[{"name":"wp","href":"https:\/\/api.w.org\/{rel}","templated":true}]}}