{"id":281,"date":"2026-02-09T18:58:35","date_gmt":"2026-02-09T23:58:35","guid":{"rendered":"https:\/\/manyoffers.shop\/?post_type=product&#038;p=281"},"modified":"2026-02-09T18:58:35","modified_gmt":"2026-02-09T23:58:35","slug":"buceo-scuba-panama","status":"publish","type":"product","link":"https:\/\/manyoffers.shop\/en\/product\/buceo-scuba-panama\/","title":{"rendered":"Buceo-Scuba Panama"},"content":{"rendered":"<p data-path-to-node=\"3\">\u00bfAlguna vez has so\u00f1ado con respirar bajo el agua? Deja atr\u00e1s la superficie y sum\u00e9rgete en una aventura inolvidable. Explora arrecifes vibrantes, descubre la fauna marina m\u00e1s ex\u00f3tica y siente la ingravidez total en las aguas cristalinas de Panam\u00e1 con los expertos de <b data-path-to-node=\"3\" data-index-in-node=\"266\">Scuba Panama<\/b>.<\/p>\n<p data-path-to-node=\"4\"><b data-path-to-node=\"4\" data-index-in-node=\"0\">Tu inmersi\u00f3n incluye:<\/b><\/p>\n<ul data-path-to-node=\"5\">\n<li>\n<p data-path-to-node=\"5,0,0\"><b data-path-to-node=\"5,0,0\" data-index-in-node=\"0\">Equipo Completo:<\/b> Tanques, reguladores y trajes de primera calidad.<\/p>\n<\/li>\n<li>\n<p data-path-to-node=\"5,1,0\"><b data-path-to-node=\"5,1,0\" data-index-in-node=\"0\">Gu\u00edas Certificados:<\/b> Seguridad y aprendizaje de la mano de profesionales PADI.<\/p>\n<\/li>\n<li>\n<p data-path-to-node=\"5,2,0\"><b data-path-to-node=\"5,2,0\" data-index-in-node=\"0\">Escenarios \u00c9picos:<\/b> Visita los mejores puntos de buceo en el Caribe o el Pac\u00edfico.<\/p>\n<\/li>\n<\/ul>\n<blockquote data-path-to-node=\"6\">\n<p data-path-to-node=\"6,0\"><b data-path-to-node=\"6,0\" data-index-in-node=\"0\">\u00a1El oc\u00e9ano te llama!<\/b> Aprovecha este cup\u00f3n para tu <b data-path-to-node=\"6,0\" data-index-in-node=\"50\">bautizo de buceo<\/b> o <b data-path-to-node=\"6,0\" data-index-in-node=\"69\">salida de certificaci\u00f3n<\/b> con un descuento que te dejar\u00e1 sin aliento.<\/p>\n<\/blockquote>","protected":false},"excerpt":{"rendered":"<p>\ud83c\udf0a Descubre el universo bajo el mar \u2013 Scuba Panama<\/p>","protected":false},"featured_media":282,"comment_status":"open","ping_status":"closed","template":"","meta":{"_kad_post_transparent":"default","_kad_post_title":"","_kad_post_layout":"default","_kad_post_sidebar_id":"","_kad_post_content_style":"default","_kad_post_vertical_padding":"default","_kad_post_feature":"","_kad_post_feature_position":"","_kad_post_header":false,"_kad_post_footer":false,"_kad_post_classname":""},"product_brand":[],"product_cat":[92],"product_tag":[100,46,98,99],"class_list":{"0":"post-281","1":"product","2":"type-product","3":"status-publish","4":"has-post-thumbnail","6":"product_cat-actividades","7":"product_tag-actividades","8":"product_tag-amigos","9":"product_tag-buceo","10":"product_tag-mar","12":"first","13":"instock","14":"sale","15":"shipping-taxable","16":"purchasable","17":"product-type-simple","18":"entry","19":"content-bg","20":"loop-entry"},"aioseo_notices":[],"_links":{"self":[{"href":"https:\/\/manyoffers.shop\/en\/wp-json\/wp\/v2\/product\/281","targetHints":{"allow":["GET"]}}],"collection":[{"href":"https:\/\/manyoffers.shop\/en\/wp-json\/wp\/v2\/product"}],"about":[{"href":"https:\/\/manyoffers.shop\/en\/wp-json\/wp\/v2\/types\/product"}],"replies":[{"embeddable":true,"href":"https:\/\/manyoffers.shop\/en\/wp-json\/wp\/v2\/comments?post=281"}],"wp:featuredmedia":[{"embeddable":true,"href":"https:\/\/manyoffers.shop\/en\/wp-json\/wp\/v2\/media\/282"}],"wp:attachment":[{"href":"https:\/\/manyoffers.shop\/en\/wp-json\/wp\/v2\/media?parent=281"}],"wp:term":[{"taxonomy":"product_brand","embeddable":true,"href":"https:\/\/manyoffers.shop\/en\/wp-json\/wp\/v2\/product_brand?post=281"},{"taxonomy":"product_cat","embeddable":true,"href":"https:\/\/manyoffers.shop\/en\/wp-json\/wp\/v2\/product_cat?post=281"},{"taxonomy":"product_tag","embeddable":true,"href":"https:\/\/manyoffers.shop\/en\/wp-json\/wp\/v2\/product_tag?post=281"}],"curies":[{"name":"wp","href":"https:\/\/api.w.org\/{rel}","templated":true}]}}