{"id":268,"date":"2026-02-09T18:46:44","date_gmt":"2026-02-09T23:46:44","guid":{"rendered":"https:\/\/manyoffers.shop\/?post_type=product&#038;p=268"},"modified":"2026-02-09T18:46:44","modified_gmt":"2026-02-09T23:46:44","slug":"servicio-de-pintura-toilette","status":"publish","type":"product","link":"https:\/\/manyoffers.shop\/en\/product\/servicio-de-pintura-toilette\/","title":{"rendered":"Servicio de Pintura-Toilette"},"content":{"rendered":"<p data-path-to-node=\"3\">\u00bfTus paredes necesitan un cambio de aire? En <b data-path-to-node=\"3\" data-index-in-node=\"45\">Toilette<\/b> no solo pintamos, transformamos tus ambientes con un enfoque en la limpieza y la perfecci\u00f3n. Olv\u00eddate de las manchas en el piso o los bordes mal definidos; nuestro equipo se encarga de que cada rinc\u00f3n luzca como nuevo.<\/p>\n<p data-path-to-node=\"4\"><b data-path-to-node=\"4\" data-index-in-node=\"0\">Lo que nos hace diferentes:<\/b><\/p>\n<ul data-path-to-node=\"5\">\n<li>\n<p data-path-to-node=\"5,0,0\"><b data-path-to-node=\"5,0,0\" data-index-in-node=\"0\">Acabados Premium:<\/b> Aplicaci\u00f3n uniforme con las mejores marcas de pintura.<\/p>\n<\/li>\n<li>\n<p data-path-to-node=\"5,1,0\"><b data-path-to-node=\"5,1,0\" data-index-in-node=\"0\">Cuidado Total:<\/b> Cubrimos tus muebles y pisos para dejar todo impecable (\u00a1como nuestro nombre lo dice!).<\/p>\n<\/li>\n<li>\n<p data-path-to-node=\"5,2,0\"><b data-path-to-node=\"5,2,0\" data-index-in-node=\"0\">Rapidez y Orden:<\/b> Cumplimos con los tiempos de entrega sin sacrificar el detalle.<\/p>\n<\/li>\n<\/ul>\n<blockquote data-path-to-node=\"6\">\n<p data-path-to-node=\"6,0\"><b data-path-to-node=\"6,0\" data-index-in-node=\"0\">\u00a1Dale color a tu vida!<\/b> Aprovecha este cup\u00f3n y obt\u00e9n un <b data-path-to-node=\"6,0\" data-index-in-node=\"55\">descuento especial por metro cuadrado<\/b> o una asesor\u00eda en combinaci\u00f3n de colores de regalo.<\/p>\n<\/blockquote>","protected":false},"excerpt":{"rendered":"<p>\u00bfTus paredes necesitan un cambio de aire? En Toilette no solo pintamos, transformamos tus ambientes con un enfoque en la limpieza y la perfecci\u00f3n. Olv\u00eddate de las manchas en el piso o los bordes mal definidos; nuestro equipo se encarga de que cada rinc\u00f3n luzca como nuevo. Lo que nos hace diferentes: Acabados Premium: Aplicaci\u00f3n&#8230;<\/p>","protected":false},"featured_media":270,"comment_status":"open","ping_status":"closed","template":"","meta":{"_kad_post_transparent":"default","_kad_post_title":"","_kad_post_layout":"default","_kad_post_sidebar_id":"","_kad_post_content_style":"default","_kad_post_vertical_padding":"default","_kad_post_feature":"","_kad_post_feature_position":"","_kad_post_header":false,"_kad_post_footer":false,"_kad_post_classname":""},"product_brand":[],"product_cat":[79],"product_tag":[87,88,86,89,80],"class_list":{"0":"post-268","1":"product","2":"type-product","3":"status-publish","4":"has-post-thumbnail","6":"product_cat-servicios","7":"product_tag-casa","8":"product_tag-hogar","9":"product_tag-pintar","10":"product_tag-pintura","11":"product_tag-servicio","13":"first","14":"instock","15":"sale","16":"shipping-taxable","17":"purchasable","18":"product-type-simple","19":"entry","20":"content-bg","21":"loop-entry"},"aioseo_notices":[],"_links":{"self":[{"href":"https:\/\/manyoffers.shop\/en\/wp-json\/wp\/v2\/product\/268","targetHints":{"allow":["GET"]}}],"collection":[{"href":"https:\/\/manyoffers.shop\/en\/wp-json\/wp\/v2\/product"}],"about":[{"href":"https:\/\/manyoffers.shop\/en\/wp-json\/wp\/v2\/types\/product"}],"replies":[{"embeddable":true,"href":"https:\/\/manyoffers.shop\/en\/wp-json\/wp\/v2\/comments?post=268"}],"wp:featuredmedia":[{"embeddable":true,"href":"https:\/\/manyoffers.shop\/en\/wp-json\/wp\/v2\/media\/270"}],"wp:attachment":[{"href":"https:\/\/manyoffers.shop\/en\/wp-json\/wp\/v2\/media?parent=268"}],"wp:term":[{"taxonomy":"product_brand","embeddable":true,"href":"https:\/\/manyoffers.shop\/en\/wp-json\/wp\/v2\/product_brand?post=268"},{"taxonomy":"product_cat","embeddable":true,"href":"https:\/\/manyoffers.shop\/en\/wp-json\/wp\/v2\/product_cat?post=268"},{"taxonomy":"product_tag","embeddable":true,"href":"https:\/\/manyoffers.shop\/en\/wp-json\/wp\/v2\/product_tag?post=268"}],"curies":[{"name":"wp","href":"https:\/\/api.w.org\/{rel}","templated":true}]}}