{"id":241,"date":"2026-02-09T18:18:49","date_gmt":"2026-02-09T23:18:49","guid":{"rendered":"https:\/\/manyoffers.shop\/?post_type=product&#038;p=241"},"modified":"2026-02-09T18:18:50","modified_gmt":"2026-02-09T23:18:50","slug":"entrada-para-el-partido-de-la-temporada","status":"publish","type":"product","link":"https:\/\/manyoffers.shop\/en\/product\/entrada-para-el-partido-de-la-temporada\/","title":{"rendered":"Entrada para el Partido de la Temporada"},"content":{"rendered":"<p data-path-to-node=\"3\">\u00bfSentir el rugido del estadio o verlo por televisi\u00f3n? \u00a1No hay comparaci\u00f3n! Deja la garganta en cada jugada y vive la pasi\u00f3n del f\u00fatbol en vivo con nuestro <b data-path-to-node=\"3\" data-index-in-node=\"155\">Boleto Preferencial<\/b>. Prep\u00e1rate para ver a tus \u00eddolos en la cancha, desplegando la magia que solo el deporte rey puede ofrecer.<\/p>\n<p data-path-to-node=\"4\"><b data-path-to-node=\"4\" data-index-in-node=\"0\">La experiencia incluye:<\/b><\/p>\n<ul data-path-to-node=\"5\">\n<li>\n<p data-path-to-node=\"5,0,0\"><b data-path-to-node=\"5,0,0\" data-index-in-node=\"0\">Ubicaci\u00f3n Privilegiada:<\/b> Vista despejada al campo para que no se te escape ni un fuera de lugar.<\/p>\n<\/li>\n<li>\n<p data-path-to-node=\"5,1,0\"><b data-path-to-node=\"5,1,0\" data-index-in-node=\"0\">Ambiente Incomparable:<\/b> Vive la fiesta de las barras, los c\u00e1nticos y la emoci\u00f3n a flor de piel.<\/p>\n<\/li>\n<li>\n<p data-path-to-node=\"5,2,0\"><b data-path-to-node=\"5,2,0\" data-index-in-node=\"0\">Acceso \u00c1gil:<\/b> Escanea tu cup\u00f3n digital y entra al estadio sin complicaciones.<\/p>\n<\/li>\n<\/ul>\n<hr data-path-to-node=\"6\" \/>\n<h3 data-path-to-node=\"7\">Detalles de la Oferta<\/h3>\n<ul data-path-to-node=\"8\">\n<li>\n<p data-path-to-node=\"8,0,0\"><b data-path-to-node=\"8,0,0\" data-index-in-node=\"0\">Rivalidad de \u00c9lite:<\/b> S\u00e9 testigo de un enfrentamiento t\u00e1ctico y f\u00edsico de alto nivel.<\/p>\n<\/li>\n<li>\n<p data-path-to-node=\"8,1,0\"><b data-path-to-node=\"8,1,0\" data-index-in-node=\"0\">Ahorro de Fan\u00e1tico:<\/b> Precio exclusivo para usuarios de la plataforma, \u00a1mucho menor que en taquilla f\u00edsica!<\/p>\n<\/li>\n<li>\n<p data-path-to-node=\"8,2,0\"><b data-path-to-node=\"8,2,0\" data-index-in-node=\"0\">Seguridad:<\/b> Entradas garantizadas y verificadas.<\/p>\n<\/li>\n<\/ul>","protected":false},"excerpt":{"rendered":"<p>\u00bfSentir el rugido del estadio o verlo por televisi\u00f3n? \u00a1No hay comparaci\u00f3n! Deja la garganta en cada jugada y vive la pasi\u00f3n del f\u00fatbol en vivo con nuestro Boleto Preferencial. Prep\u00e1rate para ver a tus \u00eddolos en la cancha, desplegando la magia que solo el deporte rey puede ofrecer. La experiencia incluye: Ubicaci\u00f3n Privilegiada: Vista&#8230;<\/p>","protected":false},"featured_media":242,"comment_status":"open","ping_status":"closed","template":"","meta":{"_kad_post_transparent":"default","_kad_post_title":"","_kad_post_layout":"default","_kad_post_sidebar_id":"","_kad_post_content_style":"default","_kad_post_vertical_padding":"default","_kad_post_feature":"","_kad_post_feature_position":"","_kad_post_header":false,"_kad_post_footer":false,"_kad_post_classname":""},"product_brand":[],"product_cat":[48],"product_tag":[46,61,27,63,58],"class_list":{"0":"post-241","1":"product","2":"type-product","3":"status-publish","4":"has-post-thumbnail","6":"product_cat-eventos-y-espectaculos","7":"product_tag-amigos","8":"product_tag-bebidas","9":"product_tag-comida","10":"product_tag-futbol","11":"product_tag-partido","13":"first","14":"instock","15":"sale","16":"shipping-taxable","17":"purchasable","18":"product-type-simple","19":"entry","20":"content-bg","21":"loop-entry"},"aioseo_notices":[],"_links":{"self":[{"href":"https:\/\/manyoffers.shop\/en\/wp-json\/wp\/v2\/product\/241","targetHints":{"allow":["GET"]}}],"collection":[{"href":"https:\/\/manyoffers.shop\/en\/wp-json\/wp\/v2\/product"}],"about":[{"href":"https:\/\/manyoffers.shop\/en\/wp-json\/wp\/v2\/types\/product"}],"replies":[{"embeddable":true,"href":"https:\/\/manyoffers.shop\/en\/wp-json\/wp\/v2\/comments?post=241"}],"wp:featuredmedia":[{"embeddable":true,"href":"https:\/\/manyoffers.shop\/en\/wp-json\/wp\/v2\/media\/242"}],"wp:attachment":[{"href":"https:\/\/manyoffers.shop\/en\/wp-json\/wp\/v2\/media?parent=241"}],"wp:term":[{"taxonomy":"product_brand","embeddable":true,"href":"https:\/\/manyoffers.shop\/en\/wp-json\/wp\/v2\/product_brand?post=241"},{"taxonomy":"product_cat","embeddable":true,"href":"https:\/\/manyoffers.shop\/en\/wp-json\/wp\/v2\/product_cat?post=241"},{"taxonomy":"product_tag","embeddable":true,"href":"https:\/\/manyoffers.shop\/en\/wp-json\/wp\/v2\/product_tag?post=241"}],"curies":[{"name":"wp","href":"https:\/\/api.w.org\/{rel}","templated":true}]}}