{"id":221,"date":"2026-02-09T17:45:04","date_gmt":"2026-02-09T22:45:04","guid":{"rendered":"https:\/\/manyoffers.shop\/?post_type=product&#038;p=221"},"modified":"2026-02-27T15:11:58","modified_gmt":"2026-02-27T20:11:58","slug":"estadia-hotel-vancouver","status":"publish","type":"product","link":"https:\/\/manyoffers.shop\/en\/product\/estadia-hotel-vancouver\/","title":{"rendered":"Estad\u00eda-Hotel Vancouver"},"content":{"rendered":"<p>Al\u00f3jese en cualquiera de nuestros hoteles de lujo en el centro de Vancouver y disfrute de un cr\u00e9dito diario de $50, que podr\u00e1 usar como desee. Desde comidas gourmet hasta peque\u00f1os lujos, es la manera perfecta de mejorar su escapada, a su manera.<\/p>","protected":false},"excerpt":{"rendered":"<p>Al\u00f3jese en cualquiera de nuestros hoteles de lujo en el centro de Vancouver<\/p>","protected":false},"featured_media":223,"comment_status":"open","ping_status":"closed","template":"","meta":{"_kad_post_transparent":"default","_kad_post_title":"","_kad_post_layout":"default","_kad_post_sidebar_id":"","_kad_post_content_style":"default","_kad_post_vertical_padding":"default","_kad_post_feature":"","_kad_post_feature_position":"","_kad_post_header":false,"_kad_post_footer":false,"_kad_post_classname":""},"product_brand":[],"product_cat":[42],"product_tag":[45,43,44,34],"class_list":{"0":"post-221","1":"product","2":"type-product","3":"status-publish","4":"has-post-thumbnail","6":"product_cat-hoteles","7":"product_tag-familia","8":"product_tag-hotel","9":"product_tag-lujo","10":"product_tag-pareja","12":"first","13":"instock","14":"sale","15":"featured","16":"shipping-taxable","17":"purchasable","18":"product-type-simple","19":"entry","20":"content-bg","21":"loop-entry"},"aioseo_notices":[],"_links":{"self":[{"href":"https:\/\/manyoffers.shop\/en\/wp-json\/wp\/v2\/product\/221","targetHints":{"allow":["GET"]}}],"collection":[{"href":"https:\/\/manyoffers.shop\/en\/wp-json\/wp\/v2\/product"}],"about":[{"href":"https:\/\/manyoffers.shop\/en\/wp-json\/wp\/v2\/types\/product"}],"replies":[{"embeddable":true,"href":"https:\/\/manyoffers.shop\/en\/wp-json\/wp\/v2\/comments?post=221"}],"wp:featuredmedia":[{"embeddable":true,"href":"https:\/\/manyoffers.shop\/en\/wp-json\/wp\/v2\/media\/223"}],"wp:attachment":[{"href":"https:\/\/manyoffers.shop\/en\/wp-json\/wp\/v2\/media?parent=221"}],"wp:term":[{"taxonomy":"product_brand","embeddable":true,"href":"https:\/\/manyoffers.shop\/en\/wp-json\/wp\/v2\/product_brand?post=221"},{"taxonomy":"product_cat","embeddable":true,"href":"https:\/\/manyoffers.shop\/en\/wp-json\/wp\/v2\/product_cat?post=221"},{"taxonomy":"product_tag","embeddable":true,"href":"https:\/\/manyoffers.shop\/en\/wp-json\/wp\/v2\/product_tag?post=221"}],"curies":[{"name":"wp","href":"https:\/\/api.w.org\/{rel}","templated":true}]}}